{"id":13,"date":"2024-02-11T12:27:01","date_gmt":"2024-02-11T11:27:01","guid":{"rendered":"https:\/\/bluemilkrecords.com\/?page_id=13"},"modified":"2024-04-22T12:25:38","modified_gmt":"2024-04-22T10:25:38","slug":"a-propos","status":"publish","type":"page","link":"https:\/\/bluemilkrecords.com\/fr\/a-propos\/","title":{"rendered":"A propos"},"content":{"rendered":"\n<div class=\"wp-block-columns is-layout-flex wp-container-core-columns-is-layout-9d6595d7 wp-block-columns-is-layout-flex\">\n<div class=\"wp-block-column is-layout-flow wp-block-column-is-layout-flow\" style=\"flex-basis:66.66%\">\n<p>Bas\u00e9 \u00e0 Bruxelles, Blue Milk Records est un label ind\u00e9pendant cr\u00e9\u00e9 par Team For Action. Tourn\u00e9 vers la Pop au sens large (tant\u00f4t electro, Rock, urbain ou chanson), au-del\u00e0 des clivages de genre, la conduite du label se situe d&rsquo;avantage dans l&rsquo;identit\u00e9 et la singularit\u00e9 de chaque projet qu&rsquo;il d\u00e9fend.<\/p>\n\n\n\n<p>Notre mission est de proposer un environnement professionnel le plus pertinent possible aux diff\u00e9rentes r\u00e9alit\u00e9s artistiques de chacun.<\/p>\n\n\n\n<p>Entre production, \u00e9dition, distribution digitale, direction artistique, promotion et marketing, nous sommes l\u00e0 pour accompagner et offrir la formule la plus ad\u00e9quate et efficace en s\u2019adaptant \u00e0 chaque projet artistique afin le servir au mieux.<\/p>\n\n\n\n<p><\/p>\n<\/div>\n\n\n\n<div class=\"wp-block-column is-layout-flow wp-block-column-is-layout-flow\" style=\"flex-basis:33.33%\"><\/div>\n<\/div>\n\n\n\n<h2 class=\"wp-block-heading\">Focus on &#8230;<\/h2>\n\n\n \n<script>\njQuery(document).ready(function($){\n\n\/\/ Gallery Carousel\n\n    $('.carouselGallery').flickity({\n      \/\/ options\n      cellAlign: 'left',\n      contain: true,\n      prevNextButtons: true,\n      pageDots: false,\n      wrapAround: true,\n      autoPlay: 4000\n    });\n    $('.button--previous').on( 'click', function() {\n      $('.carouselGallery').flickity('previous');\n    });\n    $('.button--next').on( 'click', function() {\n      $('.carouselGallery').flickity('next');\n    });\n  \n});\n<\/script>\n\n\n<section class=\"singleProject gallerySlide\">\n\n<div class=\"buttonRow\">\n  <button class=\"button button--previous\"><i class=\"fa-solid fa-caret-left\"><\/i><\/button>\n  <button class=\"button button--next\"><i class=\"fa-solid fa-caret-right\"><\/i><\/button>\n<\/div>\n\n<div class=\"carouselGallery\">\n\n<div class=\"carousel-cell\">\n<div class=\"singleCarouselPub\">\n\n<div class=\"figureContainer\">\n<a href=\"https:\/\/youtu.be\/7F3rpOJndf8?si=f9iEvrjjJMTvZC58\">\n<div class=\"overFigure\"><\/div>\n<figure style=\"background-image: url(https:\/\/bluemilkrecords.com\/wp-content\/uploads\/2024\/02\/thumb_yt_your_letters_blank.jpg)\">\n<span class=\"videoArrow\"><\/span>\n<\/figure>\n<\/a>\n<\/div><!-- .figureContainer -->\n\n<div class=\"singleCarouselPubTitle\">\n<\/div>\n\n<\/div>\n<\/div>\n<div class=\"carousel-cell\">\n<div class=\"singleCarouselPub\">\n\n<div class=\"figureContainer\">\n<a target=\"_blank\" href=\"https:\/\/bfan.link\/open-eyes-1\">\n<div class=\"overFigure\"><\/div>\n<figure style=\"background-image: url(https:\/\/bluemilkrecords.com\/wp-content\/uploads\/2024\/02\/YKONS-768x768.jpg)\">\n<\/figure>\n<\/a>\n<\/div><!-- .figureContainer -->\n\n<div class=\"singleCarouselPubTitle\">\n<\/div>\n\n<\/div>\n<\/div>\n<div class=\"carousel-cell\">\n<div class=\"singleCarouselPub\">\n\n<div class=\"figureContainer\">\n<a target=\"_blank\" href=\"https:\/\/bfan.link\/je-veux-du-christian-dior\">\n<div class=\"overFigure\"><\/div>\n<figure style=\"background-image: url(https:\/\/bluemilkrecords.com\/wp-content\/uploads\/2024\/02\/Neolys_JVDCD_72dpi.jpg)\">\n<\/figure>\n<\/a>\n<\/div><!-- .figureContainer -->\n\n<div class=\"singleCarouselPubTitle\">\nNouveau Single !!!<\/div>\n\n<\/div>\n<\/div>\n<div class=\"carousel-cell\">\n<div class=\"singleCarouselPub\">\n\n<div class=\"figureContainer\">\n<a href=\"https:\/\/youtu.be\/zRCCWUn8HmM?si=vBOaW38VRl02gO1t\">\n<div class=\"overFigure\"><\/div>\n<figure style=\"background-image: url(https:\/\/bluemilkrecords.com\/wp-content\/uploads\/2024\/02\/ARTY_DURUM_web.jpg)\">\n<span class=\"videoArrow\"><\/span>\n<\/figure>\n<\/a>\n<\/div><!-- .figureContainer -->\n\n<div class=\"singleCarouselPubTitle\">\n<\/div>\n\n<\/div>\n<\/div>\n\n<\/div><!-- . carousel -->\n\n<\/section>\n\n","protected":false},"excerpt":{"rendered":"<p>Bas\u00e9 \u00e0 Bruxelles, Blue Milk Records est un label ind\u00e9pendant cr\u00e9\u00e9 par Team For Action. Tourn\u00e9&#8230; <span class=\"moreLink\"><a href=\"https:\/\/bluemilkrecords.com\/fr\/a-propos\/\">+<\/a><\/span><\/p>\n","protected":false},"author":1,"featured_media":0,"parent":0,"menu_order":0,"comment_status":"closed","ping_status":"closed","template":"","meta":{"_acf_changed":false,"footnotes":""},"categories":[],"class_list":["post-13","page","type-page","status-publish","hentry"],"acf":[],"yoast_head":"<!-- This site is optimized with the Yoast SEO plugin v27.5 - https:\/\/yoast.com\/product\/yoast-seo-wordpress\/ -->\n<title>A propos - Blue Milk Records<\/title>\n<meta name=\"robots\" content=\"index, follow, max-snippet:-1, max-image-preview:large, max-video-preview:-1\" \/>\n<link rel=\"canonical\" href=\"https:\/\/bluemilkrecords.com\/fr\/a-propos\/\" \/>\n<meta property=\"og:locale\" content=\"fr_FR\" \/>\n<meta property=\"og:type\" content=\"article\" \/>\n<meta property=\"og:title\" content=\"A propos - Blue Milk Records\" \/>\n<meta property=\"og:description\" content=\"Bas\u00e9 \u00e0 Bruxelles, Blue Milk Records est un label ind\u00e9pendant cr\u00e9\u00e9 par Team For Action. Tourn\u00e9... +\" \/>\n<meta property=\"og:url\" content=\"https:\/\/bluemilkrecords.com\/fr\/a-propos\/\" \/>\n<meta property=\"og:site_name\" content=\"Blue Milk Records\" \/>\n<meta property=\"article:publisher\" content=\"https:\/\/www.facebook.com\/bluemilkrecords\" \/>\n<meta property=\"article:modified_time\" content=\"2024-04-22T10:25:38+00:00\" \/>\n<meta property=\"og:image\" content=\"https:\/\/bluemilkrecords.com\/wp-content\/uploads\/2024\/02\/blue-milk_fb-image.jpg\" \/>\n\t<meta property=\"og:image:width\" content=\"1200\" \/>\n\t<meta property=\"og:image:height\" content=\"675\" \/>\n\t<meta property=\"og:image:type\" content=\"image\/jpeg\" \/>\n<meta name=\"twitter:card\" content=\"summary_large_image\" \/>\n<meta name=\"twitter:label1\" content=\"Dur\u00e9e de lecture estim\u00e9e\" \/>\n\t<meta name=\"twitter:data1\" content=\"2 minutes\" \/>\n<script type=\"application\/ld+json\" class=\"yoast-schema-graph\">{\"@context\":\"https:\\\/\\\/schema.org\",\"@graph\":[{\"@type\":\"WebPage\",\"@id\":\"https:\\\/\\\/bluemilkrecords.com\\\/fr\\\/a-propos\\\/\",\"url\":\"https:\\\/\\\/bluemilkrecords.com\\\/fr\\\/a-propos\\\/\",\"name\":\"A propos - Blue Milk Records\",\"isPartOf\":{\"@id\":\"https:\\\/\\\/bluemilkrecords.com\\\/fr\\\/#website\"},\"datePublished\":\"2024-02-11T11:27:01+00:00\",\"dateModified\":\"2024-04-22T10:25:38+00:00\",\"breadcrumb\":{\"@id\":\"https:\\\/\\\/bluemilkrecords.com\\\/fr\\\/a-propos\\\/#breadcrumb\"},\"inLanguage\":\"fr-FR\",\"potentialAction\":[{\"@type\":\"ReadAction\",\"target\":[\"https:\\\/\\\/bluemilkrecords.com\\\/fr\\\/a-propos\\\/\"]}]},{\"@type\":\"BreadcrumbList\",\"@id\":\"https:\\\/\\\/bluemilkrecords.com\\\/fr\\\/a-propos\\\/#breadcrumb\",\"itemListElement\":[{\"@type\":\"ListItem\",\"position\":1,\"name\":\"Accueil\",\"item\":\"https:\\\/\\\/bluemilkrecords.com\\\/fr\\\/\"},{\"@type\":\"ListItem\",\"position\":2,\"name\":\"A propos\"}]},{\"@type\":\"WebSite\",\"@id\":\"https:\\\/\\\/bluemilkrecords.com\\\/fr\\\/#website\",\"url\":\"https:\\\/\\\/bluemilkrecords.com\\\/fr\\\/\",\"name\":\"Blue Milk Records\",\"description\":\"\",\"publisher\":{\"@id\":\"https:\\\/\\\/bluemilkrecords.com\\\/fr\\\/#organization\"},\"potentialAction\":[{\"@type\":\"SearchAction\",\"target\":{\"@type\":\"EntryPoint\",\"urlTemplate\":\"https:\\\/\\\/bluemilkrecords.com\\\/fr\\\/?s={search_term_string}\"},\"query-input\":{\"@type\":\"PropertyValueSpecification\",\"valueRequired\":true,\"valueName\":\"search_term_string\"}}],\"inLanguage\":\"fr-FR\"},{\"@type\":\"Organization\",\"@id\":\"https:\\\/\\\/bluemilkrecords.com\\\/fr\\\/#organization\",\"name\":\"Blue Milk Records\",\"url\":\"https:\\\/\\\/bluemilkrecords.com\\\/fr\\\/\",\"logo\":{\"@type\":\"ImageObject\",\"inLanguage\":\"fr-FR\",\"@id\":\"https:\\\/\\\/bluemilkrecords.com\\\/fr\\\/#\\\/schema\\\/logo\\\/image\\\/\",\"url\":\"https:\\\/\\\/bluemilkrecords.com\\\/wp-content\\\/uploads\\\/2024\\\/02\\\/icon_blue-milk-records.png\",\"contentUrl\":\"https:\\\/\\\/bluemilkrecords.com\\\/wp-content\\\/uploads\\\/2024\\\/02\\\/icon_blue-milk-records.png\",\"width\":512,\"height\":512,\"caption\":\"Blue Milk Records\"},\"image\":{\"@id\":\"https:\\\/\\\/bluemilkrecords.com\\\/fr\\\/#\\\/schema\\\/logo\\\/image\\\/\"},\"sameAs\":[\"https:\\\/\\\/www.facebook.com\\\/bluemilkrecords\"]}]}<\/script>\n<!-- \/ Yoast SEO plugin. -->","yoast_head_json":{"title":"A propos - Blue Milk Records","robots":{"index":"index","follow":"follow","max-snippet":"max-snippet:-1","max-image-preview":"max-image-preview:large","max-video-preview":"max-video-preview:-1"},"canonical":"https:\/\/bluemilkrecords.com\/fr\/a-propos\/","og_locale":"fr_FR","og_type":"article","og_title":"A propos - Blue Milk Records","og_description":"Bas\u00e9 \u00e0 Bruxelles, Blue Milk Records est un label ind\u00e9pendant cr\u00e9\u00e9 par Team For Action. Tourn\u00e9... +","og_url":"https:\/\/bluemilkrecords.com\/fr\/a-propos\/","og_site_name":"Blue Milk Records","article_publisher":"https:\/\/www.facebook.com\/bluemilkrecords","article_modified_time":"2024-04-22T10:25:38+00:00","og_image":[{"width":1200,"height":675,"url":"https:\/\/bluemilkrecords.com\/wp-content\/uploads\/2024\/02\/blue-milk_fb-image.jpg","type":"image\/jpeg"}],"twitter_card":"summary_large_image","twitter_misc":{"Dur\u00e9e de lecture estim\u00e9e":"2 minutes"},"schema":{"@context":"https:\/\/schema.org","@graph":[{"@type":"WebPage","@id":"https:\/\/bluemilkrecords.com\/fr\/a-propos\/","url":"https:\/\/bluemilkrecords.com\/fr\/a-propos\/","name":"A propos - Blue Milk Records","isPartOf":{"@id":"https:\/\/bluemilkrecords.com\/fr\/#website"},"datePublished":"2024-02-11T11:27:01+00:00","dateModified":"2024-04-22T10:25:38+00:00","breadcrumb":{"@id":"https:\/\/bluemilkrecords.com\/fr\/a-propos\/#breadcrumb"},"inLanguage":"fr-FR","potentialAction":[{"@type":"ReadAction","target":["https:\/\/bluemilkrecords.com\/fr\/a-propos\/"]}]},{"@type":"BreadcrumbList","@id":"https:\/\/bluemilkrecords.com\/fr\/a-propos\/#breadcrumb","itemListElement":[{"@type":"ListItem","position":1,"name":"Accueil","item":"https:\/\/bluemilkrecords.com\/fr\/"},{"@type":"ListItem","position":2,"name":"A propos"}]},{"@type":"WebSite","@id":"https:\/\/bluemilkrecords.com\/fr\/#website","url":"https:\/\/bluemilkrecords.com\/fr\/","name":"Blue Milk Records","description":"","publisher":{"@id":"https:\/\/bluemilkrecords.com\/fr\/#organization"},"potentialAction":[{"@type":"SearchAction","target":{"@type":"EntryPoint","urlTemplate":"https:\/\/bluemilkrecords.com\/fr\/?s={search_term_string}"},"query-input":{"@type":"PropertyValueSpecification","valueRequired":true,"valueName":"search_term_string"}}],"inLanguage":"fr-FR"},{"@type":"Organization","@id":"https:\/\/bluemilkrecords.com\/fr\/#organization","name":"Blue Milk Records","url":"https:\/\/bluemilkrecords.com\/fr\/","logo":{"@type":"ImageObject","inLanguage":"fr-FR","@id":"https:\/\/bluemilkrecords.com\/fr\/#\/schema\/logo\/image\/","url":"https:\/\/bluemilkrecords.com\/wp-content\/uploads\/2024\/02\/icon_blue-milk-records.png","contentUrl":"https:\/\/bluemilkrecords.com\/wp-content\/uploads\/2024\/02\/icon_blue-milk-records.png","width":512,"height":512,"caption":"Blue Milk Records"},"image":{"@id":"https:\/\/bluemilkrecords.com\/fr\/#\/schema\/logo\/image\/"},"sameAs":["https:\/\/www.facebook.com\/bluemilkrecords"]}]}},"_links":{"self":[{"href":"https:\/\/bluemilkrecords.com\/fr\/wp-json\/wp\/v2\/pages\/13","targetHints":{"allow":["GET"]}}],"collection":[{"href":"https:\/\/bluemilkrecords.com\/fr\/wp-json\/wp\/v2\/pages"}],"about":[{"href":"https:\/\/bluemilkrecords.com\/fr\/wp-json\/wp\/v2\/types\/page"}],"author":[{"embeddable":true,"href":"https:\/\/bluemilkrecords.com\/fr\/wp-json\/wp\/v2\/users\/1"}],"replies":[{"embeddable":true,"href":"https:\/\/bluemilkrecords.com\/fr\/wp-json\/wp\/v2\/comments?post=13"}],"version-history":[{"count":22,"href":"https:\/\/bluemilkrecords.com\/fr\/wp-json\/wp\/v2\/pages\/13\/revisions"}],"predecessor-version":[{"id":513,"href":"https:\/\/bluemilkrecords.com\/fr\/wp-json\/wp\/v2\/pages\/13\/revisions\/513"}],"wp:attachment":[{"href":"https:\/\/bluemilkrecords.com\/fr\/wp-json\/wp\/v2\/media?parent=13"}],"wp:term":[{"taxonomy":"category","embeddable":true,"href":"https:\/\/bluemilkrecords.com\/fr\/wp-json\/wp\/v2\/categories?post=13"}],"curies":[{"name":"wp","href":"https:\/\/api.w.org\/{rel}","templated":true}]}}